{"id":13,"date":"2024-04-02T15:34:50","date_gmt":"2024-04-02T13:34:50","guid":{"rendered":"http:\/\/avdavocat.com\/?page_id=13"},"modified":"2026-03-29T14:47:02","modified_gmt":"2026-03-29T12:47:02","slug":"nos-formations","status":"publish","type":"page","link":"https:\/\/avdavocat.com\/index.php\/nos-formations\/","title":{"rendered":"Nos Formations"},"content":{"rendered":"\n<p><strong>Le cabinet propose des formations co-construites au plus pr\u00e8s des besoins des participants, en mati\u00e8re de Droit Rural et du Droit de l\u2019ESS.<\/strong><\/p>\n\n\n\n<p><em>Vision et engagements :<\/em><\/p>\n\n\n\n<ul class=\"wp-block-list\">\n<li>Transmettre et favoriser l\u2019acc\u00e8s \u00e0 l\u2019information juridique dans une dynamique de vulgarisation<br>et d\u2019\u00e9ducation populaire (p\u00e9dagogie active, outils de facilitation, des formations vivantes\u2026).<\/li>\n\n\n\n<li>Permettre une encapacitation citoyenne sur les questions juridiques.<\/li>\n\n\n\n<li>Favoriser des prises de d\u00e9cisions \u00e9clair\u00e9es.<\/li>\n<\/ul>\n\n\n\n<p><\/p>\n","protected":false},"excerpt":{"rendered":"<p>Le cabinet propose des formations co-construites au plus pr\u00e8s des besoins des participants, en mati\u00e8re de Droit Rural et du Droit de l\u2019ESS. Vision et engagements :<\/p>\n","protected":false},"author":1,"featured_media":116,"parent":0,"menu_order":0,"comment_status":"closed","ping_status":"closed","template":"","meta":{"footnotes":""},"class_list":["post-13","page","type-page","status-publish","has-post-thumbnail","hentry"],"_links":{"self":[{"href":"https:\/\/avdavocat.com\/index.php\/wp-json\/wp\/v2\/pages\/13","targetHints":{"allow":["GET"]}}],"collection":[{"href":"https:\/\/avdavocat.com\/index.php\/wp-json\/wp\/v2\/pages"}],"about":[{"href":"https:\/\/avdavocat.com\/index.php\/wp-json\/wp\/v2\/types\/page"}],"author":[{"embeddable":true,"href":"https:\/\/avdavocat.com\/index.php\/wp-json\/wp\/v2\/users\/1"}],"replies":[{"embeddable":true,"href":"https:\/\/avdavocat.com\/index.php\/wp-json\/wp\/v2\/comments?post=13"}],"version-history":[{"count":2,"href":"https:\/\/avdavocat.com\/index.php\/wp-json\/wp\/v2\/pages\/13\/revisions"}],"predecessor-version":[{"id":89,"href":"https:\/\/avdavocat.com\/index.php\/wp-json\/wp\/v2\/pages\/13\/revisions\/89"}],"wp:featuredmedia":[{"embeddable":true,"href":"https:\/\/avdavocat.com\/index.php\/wp-json\/wp\/v2\/media\/116"}],"wp:attachment":[{"href":"https:\/\/avdavocat.com\/index.php\/wp-json\/wp\/v2\/media?parent=13"}],"curies":[{"name":"wp","href":"https:\/\/api.w.org\/{rel}","templated":true}]}}