{"id":34,"date":"2024-04-02T16:17:18","date_gmt":"2024-04-02T14:17:18","guid":{"rendered":"http:\/\/avdavocat.com\/?page_id=34"},"modified":"2026-03-29T15:02:27","modified_gmt":"2026-03-29T13:02:27","slug":"recherche","status":"publish","type":"page","link":"https:\/\/avdavocat.com\/index.php\/recherche\/","title":{"rendered":"Recherche"},"content":{"rendered":"\n<p>AVD&nbsp; AVOCAT m\u00e8ne et prend part \u00e0 des travaux de recherche et de prospective dans une dynamique pluridisciplinaire afin&nbsp;:<\/p>\n\n\n\n<ul class=\"wp-block-list\">\n<li><strong>D\u2019observer, analyser et mobiliser<\/strong> &nbsp;les textes en vigueur dans une perspective de durabilit\u00e9<strong>.<\/strong><\/li>\n\n\n\n<li>D\u00e8s lors que c\u2019est n\u00e9cessaire, <strong>\u00eatre acteur des \u00e9volutions de la pratique et\/ou de la lettre de la r\u00e9glementation en faveur de la durabilit\u00e9.<\/strong><\/li>\n<\/ul>\n\n\n\n<p><strong><em>Veilles et domaines de recherches en cours :\u00a0<\/em><\/strong><\/p>\n\n\n\n<p><em>Diversification agricole, la coop\u00e9ration dans la production&nbsp;(&nbsp;SCOP\/CAE en agriculture, la SCAEC, installations collectives\u2026), la&nbsp; protection du foncier agricole, les coop\u00e9ratives d\u2019installation en agriculture paysanne, les tiers lieux en milieu rural, l\u2019habitat l\u00e9ger et r\u00e9versible, le COMMUN, l\u2019usage comme mode de d\u00e9tention des biens\u2026<\/em><\/p>\n","protected":false},"excerpt":{"rendered":"<p>AVD&nbsp; AVOCAT m\u00e8ne et prend part \u00e0 des travaux de recherche et de prospective dans une dynamique pluridisciplinaire afin&nbsp;: Veilles et domaines de recherches en cours :\u00a0 Diversification agricole, la coop\u00e9ration dans la production&nbsp;(&nbsp;SCOP\/CAE en agriculture, la SCAEC, installations collectives\u2026), la&nbsp; protection du foncier agricole, les coop\u00e9ratives d\u2019installation en agriculture paysanne, les tiers lieux en [&hellip;]<\/p>\n","protected":false},"author":1,"featured_media":114,"parent":0,"menu_order":0,"comment_status":"closed","ping_status":"closed","template":"","meta":{"footnotes":""},"class_list":["post-34","page","type-page","status-publish","has-post-thumbnail","hentry"],"_links":{"self":[{"href":"https:\/\/avdavocat.com\/index.php\/wp-json\/wp\/v2\/pages\/34","targetHints":{"allow":["GET"]}}],"collection":[{"href":"https:\/\/avdavocat.com\/index.php\/wp-json\/wp\/v2\/pages"}],"about":[{"href":"https:\/\/avdavocat.com\/index.php\/wp-json\/wp\/v2\/types\/page"}],"author":[{"embeddable":true,"href":"https:\/\/avdavocat.com\/index.php\/wp-json\/wp\/v2\/users\/1"}],"replies":[{"embeddable":true,"href":"https:\/\/avdavocat.com\/index.php\/wp-json\/wp\/v2\/comments?post=34"}],"version-history":[{"count":8,"href":"https:\/\/avdavocat.com\/index.php\/wp-json\/wp\/v2\/pages\/34\/revisions"}],"predecessor-version":[{"id":94,"href":"https:\/\/avdavocat.com\/index.php\/wp-json\/wp\/v2\/pages\/34\/revisions\/94"}],"wp:featuredmedia":[{"embeddable":true,"href":"https:\/\/avdavocat.com\/index.php\/wp-json\/wp\/v2\/media\/114"}],"wp:attachment":[{"href":"https:\/\/avdavocat.com\/index.php\/wp-json\/wp\/v2\/media?parent=34"}],"curies":[{"name":"wp","href":"https:\/\/api.w.org\/{rel}","templated":true}]}}